{"id":142,"date":"2022-04-19T18:34:43","date_gmt":"2022-04-19T16:34:43","guid":{"rendered":"https:\/\/www.nemeszsuzsanna.hu\/blog\/?page_id=142"},"modified":"2022-04-19T18:34:43","modified_gmt":"2022-04-19T16:34:43","slug":"gdpr","status":"publish","type":"page","link":"https:\/\/www.nemeszsuzsanna.hu\/blog\/gdpr\/","title":{"rendered":"NemesZsuzsanna.hu adatkezel\u00e9si nyilatkozata \u00e9s t\u00e1j\u00e9koztat\u00f3ja"},"content":{"rendered":"\n<p><\/p>\n\n\n\n<hr class=\"wp-block-separator\"\/>\n\n\n\n<p>2022. janu\u00e1r 1.<\/p>\n\n\n\n<p><strong>1.\/ Az adatkezel\u00e9si t\u00e1j\u00e9koztat\u00f3 c\u00e9lja<\/strong><\/p>\n\n\n\n<p>Az adatkezel\u00e9si t\u00e1j\u00e9koztat\u00f3 c\u00e9lja, hogy a weboldal szolg\u00e1ltat\u00e1sainak felhaszn\u00e1l\u00f3i pontos t\u00e1j\u00e9koztat\u00e1st kapjanak arr\u00f3l, hogy a szem\u00e9lyes adataikat kik \u00e9s milyen m\u00f3don kezelik \u00e9s haszn\u00e1lj\u00e1k fel, illetve, hogy az adatkezel\u00e9ssel kapcsolatban milyen jogok illetik meg \u0151ket.<\/p>\n\n\n\n<p><strong>2.\/ Adatkezel\u00e9si nyilatkozat<\/strong><\/p>\n\n\n\n<p>A v\u00e1llalkoz\u00e1s a szolg\u00e1ltat\u00e1s\u00e1t ig\u00e9nybe vev\u0151 \u00fcgyfeleinek szem\u00e9lyes adatait bizalmasan, a hat\u00e1lyos jogszab\u00e1lyi el\u0151\u00edr\u00e1sokkal \u00f6sszhangban kezeli, meg\u0151rzi azok bizalmas jelleg\u00e9t \u00e9s megteszi mindazon technikai \u00e9s szervezeti int\u00e9zked\u00e9seket, illet\u0151leg kialak\u00edtja mindazon szervezeti elj\u00e1r\u00e1sokat \u00e9s szab\u00e1lyokat, amelyek els\u0151sorban az Eur\u00f3pai Uni\u00f3 \u00c1ltal\u00e1nos Adatv\u00e9delmi Rendelet (679\/2016 sz. rendelet, a tov\u00e1bbiakban: GDPR), az inform\u00e1ci\u00f3s \u00f6nrendelkez\u00e9si jogr\u00f3l \u00e9s az inform\u00e1ci\u00f3szabads\u00e1gr\u00f3l sz\u00f3l\u00f3 2011. \u00e9vi CXII. T\u00f6rv\u00e9ny (a tov\u00e1bbiakban Adatv\u00e9delmi t\u00f6rv\u00e9ny), valamint az erre vonatkoz\u00f3 egy\u00e9b hat\u00e1lyos jogszab\u00e1lyok rendelkez\u00e9seinek megfelel\u0151 \u00e9rv\u00e9nyre juttat\u00e1s\u00e1hoz sz\u00fcks\u00e9gesek.<\/p>\n\n\n\n<p>A GDPR 13. cikke alapj\u00e1n az adatkezel\u0151 az al\u00e1bbi t\u00e1j\u00e9koztat\u00e1st adja:<\/p>\n\n\n\n<p><strong>3.\/ Az adatkezel\u0151k adatai<\/strong><\/p>\n\n\n\n<p>3.1 Nemes Zsuzsanna e.v. 50927034 (sz\u00e9khelye: 5900 Orosh\u00e1za K\u00edgy\u00f3 u. 2. TT.1., k\u00e9pvisel\u0151je: Nemes Zsuzsanna telefonsz\u00e1ma: +36 30 529 95 78, e-mail c\u00edme: info @ nemeszsuzsanna.hu),<\/p>\n\n\n\n<p>3.2.&nbsp;E-mail c\u00edm:&nbsp;info@nemeszsuzsnna.hu<\/p>\n\n\n\n<p>3.3.&nbsp;Web lap:&nbsp;www.nemeszsuzsnanna.hu<\/p>\n\n\n\n<p>3.4.&nbsp;Adatv\u00e9delmi tisztvisel\u0151je: az adatkezel\u0151 a GDPR 3.6. cikke alapj\u00e1n adatv\u00e9delmi tisztvisel\u0151 kinevez\u00e9s\u00e9re nem k\u00f6teles<\/p>\n\n\n\n<p>3.5.&nbsp;Adatv\u00e9delmi \u00e9s adatkezel\u00e9si k\u00e9relmek. adatv\u00e9delemmel kapcsolatos k\u00e9relmek \u00e9s panaszok az al\u00e1bbi postac\u00edmre: 5900 Orosh\u00e1za, K\u00edgy\u00f3 u. 2 TT.1 vagy a info @ nemeszsuzsanna.hu&nbsp;e-mail c\u00edmre k\u00fcldhet\u0151k. Az adatkezel\u0151 a k\u00e9relmeket \u00e9s panaszokat a legr\u00f6videbb id\u0151n bel\u00fcl, legfeljebb azonban 30 nap alatt a lev\u00e9lben megjel\u00f6lt c\u00edmre v\u00e1laszolja meg.<\/p>\n\n\n\n<p>3.6.&nbsp;Adatfeldolgoz\u00e1s: adatfeldolgoz\u00e1st a lejjebb megjel\u00f6lt szem\u00e9lyek v\u00e9geznek<\/p>\n\n\n\n<p>3.7. Adattov\u00e1bb\u00edt\u00e1s k\u00fclf\u00f6ldre: nem t\u00f6rt\u00e9nik adattov\u00e1bb\u00edt\u00e1s k\u00fclf\u00f6ldre<\/p>\n\n\n\n<p><strong>4. Adatkezel\u00e9si c\u00e9lok<\/strong><\/p>\n\n\n\n<p>4.1. A weblap szolg\u00e1ltat\u00e1s ny\u00fajt\u00e1s\u00e1hoz kapcsol\u00f3d\u00f3an a szolg\u00e1ltat\u00e1st ig\u00e9nybe vev\u0151k adatait jogi k\u00f6telezetts\u00e9g teljes\u00edt\u00e9se \u00e9s \u00fcgyf\u00e9lkapcsolat fenntart\u00e1sa c\u00e9lj\u00e1b\u00f3l;<\/p>\n\n\n\n<p>4.2. Marketingtev\u00e9kenys\u00e9g a lehets\u00e9ges \u00fcgyfelek sz\u00e1m\u00e1ra;<\/p>\n\n\n\n<p>4.3. Munkav\u00e1llal\u00f3k \u00e9s p\u00e1ly\u00e1z\u00f3k adatainak kezel\u00e9se<\/p>\n\n\n\n<p>4.4. Partnerek kapcsolattart\u00f3i adatainak a kezel\u00e9se<\/p>\n\n\n\n<p>4.5. \u00dcgyfelek megrendel\u00e9seinek a teljes\u00edt\u00e9se<\/p>\n\n\n\n<p>4.6. Vagyonv\u00e9delem, szem\u00e9lyi biztons\u00e1g<\/p>\n\n\n\n<p>4.7. Bels\u0151 adminisztr\u00e1ci\u00f3 k\u00f6nny\u00edt\u00e9se<\/p>\n\n\n\n<p><strong>5. A szem\u00e9lyes adatok felhaszn\u00e1l\u00e1s\u00e1nak jogalapja<\/strong><\/p>\n\n\n\n<figure class=\"wp-block-image size-full\"><img loading=\"lazy\" decoding=\"async\" width=\"1394\" height=\"452\" src=\"https:\/\/www.nemeszsuzsanna.hu\/blog\/wp-content\/uploads\/2022\/04\/5b.png\" alt=\"\" class=\"wp-image-147\" srcset=\"https:\/\/www.nemeszsuzsanna.hu\/blog\/wp-content\/uploads\/2022\/04\/5b.png 1394w, https:\/\/www.nemeszsuzsanna.hu\/blog\/wp-content\/uploads\/2022\/04\/5b-300x97.png 300w, https:\/\/www.nemeszsuzsanna.hu\/blog\/wp-content\/uploads\/2022\/04\/5b-1024x332.png 1024w, https:\/\/www.nemeszsuzsanna.hu\/blog\/wp-content\/uploads\/2022\/04\/5b-768x249.png 768w\" sizes=\"auto, (max-width: 1394px) 100vw, 1394px\" \/><\/figure>\n\n\n\n<p><strong>6. Az adatkezel\u00e9s id\u0151tartama<\/strong><\/p>\n\n\n\n<figure class=\"wp-block-image size-large\"><img loading=\"lazy\" decoding=\"async\" width=\"1024\" height=\"179\" src=\"https:\/\/www.nemeszsuzsanna.hu\/blog\/wp-content\/uploads\/2022\/04\/6d-1024x179.png\" alt=\"\" class=\"wp-image-149\" srcset=\"https:\/\/www.nemeszsuzsanna.hu\/blog\/wp-content\/uploads\/2022\/04\/6d-1024x179.png 1024w, https:\/\/www.nemeszsuzsanna.hu\/blog\/wp-content\/uploads\/2022\/04\/6d-300x52.png 300w, https:\/\/www.nemeszsuzsanna.hu\/blog\/wp-content\/uploads\/2022\/04\/6d-768x134.png 768w, https:\/\/www.nemeszsuzsanna.hu\/blog\/wp-content\/uploads\/2022\/04\/6d-1536x268.png 1536w, https:\/\/www.nemeszsuzsanna.hu\/blog\/wp-content\/uploads\/2022\/04\/6d.png 1600w\" sizes=\"auto, (max-width: 1024px) 100vw, 1024px\" \/><\/figure>\n\n\n\n<p><strong>7. Az adatkezel\u00e9s m\u00f3dja<\/strong><\/p>\n\n\n\n<p>7.1. A szem\u00e9lyes adatok t\u00e1rol\u00e1sa \u00e9s kezel\u00e9se informatikai eszk\u00f6z\u00f6kkel, sz\u00e1m\u00edt\u00f3g\u00e9pen t\u00f6rt\u00e9nik.<\/p>\n\n\n\n<p>7.2. Az adatkezel\u00e9s sz\u00e1m\u00edt\u00f3g\u00e9pes k\u00f6rnyezete<\/p>\n\n\n\n<p>&nbsp;\u25e6 Windows 10 oper\u00e1ci\u00f3s rendszer<\/p>\n\n\n\n<p>&nbsp;7.3. A t\u00e1rolt adatok v\u00e9delm\u00e9nek eszk\u00f6zei:<\/p>\n\n\n\n<p>7.3.1. Jelsz\u00f3val v\u00e9dett felhaszn\u00e1l\u00f3i fi\u00f3k, rendszergazdai jogosults\u00e1g n\u00e9lk\u00fcl<\/p>\n\n\n\n<p>7.3.2. Windows Defender<\/p>\n\n\n\n<p>7.3.3. Avast Security program \u00e9s jelsz\u00f3<\/p>\n\n\n\n<p><strong>8. Incidenskezel\u00e9s<\/strong><\/p>\n\n\n\n<p>8.1. Az adatv\u00e9delmi incidens fogalma: adatv\u00e9delmi incidensnek min\u0151s\u00fcl a biztons\u00e1g olyan s\u00e9r\u00fcl\u00e9se, amely a tov\u00e1bb\u00edtott, t\u00e1rolt vagy m\u00e1s m\u00f3don kezelt szem\u00e9lyes adatok v\u00e9letlen vagy jogellenes megsemmis\u00edt\u00e9s\u00e9t, elveszt\u00e9s\u00e9t, megv\u00e1ltoztat\u00e1s\u00e1t, jogosulatlan k\u00f6zl\u00e9s\u00e9t vagy az azokhoz val\u00f3 jogosulatlan hozz\u00e1f\u00e9r\u00e9st eredm\u00e9nyezi.<\/p>\n\n\n\n<p>8.2. Az adatkezel\u0151 int\u00e9zked\u00e9sei incidens \u00e9szlel\u00e9se eset\u00e9n:<\/p>\n\n\n\n<p>&nbsp;\u25e6 az adatv\u00e9delmi incidenst indokolatlan k\u00e9sedelem n\u00e9lk\u00fcl, \u00e9s ha lehets\u00e9ges, legk\u00e9s\u0151bb 72 \u00f3r\u00e1val a tudom\u00e1sszerz\u00e9st k\u00f6vet\u0151en be kell jelenteni az illet\u00e9kes fel\u00fcgyeleti hat\u00f3s\u00e1gn\u00e1l;<\/p>\n\n\n\n<p>&nbsp;\u25e6 ha az adatv\u00e9delmi incidens val\u00f3sz\u00edn\u0171s\u00edthet\u0151en magas kock\u00e1zattal j\u00e1r a term\u00e9szetes szem\u00e9lyek jogaira \u00e9s szabads\u00e1gaira n\u00e9zve, az adatkezel\u0151 indokolatlan k\u00e9sedelem n\u00e9lk\u00fcl t\u00e1j\u00e9koztatja az \u00e9rintettet az adatv\u00e9delmi incidensr\u0151l;<\/p>\n\n\n\n<p>&nbsp;\u25e6 az adatkezel\u0151 nyilv\u00e1ntartja az adatv\u00e9delmi incidenseket.<\/p>\n\n\n\n<p>8.3. Az \u00e9rintettet nem kell az adatv\u00e9delmi incidensr\u0151l t\u00e1j\u00e9koztatni, ha<\/p>\n\n\n\n<p>&nbsp;\u25e6 az adatkezel\u0151 megfelel\u0151 technikai \u00e9s szervez\u00e9si v\u00e9delmi int\u00e9zked\u00e9seket hajtott v\u00e9gre, \u00e9s ezeket az int\u00e9zked\u00e9seket az adatv\u00e9delmi incidens \u00e1ltal \u00e9rintett adatok tekintet\u00e9ben alkalmazt\u00e1k (k\u00fcl\u00f6n\u00f6sen azokat az int\u00e9zked\u00e9seket \u2013 mint p\u00e9ld\u00e1ul a titkos\u00edt\u00e1s alkalmaz\u00e1sa \u2013, amelyek a szem\u00e9lyes adatokhoz val\u00f3 hozz\u00e1f\u00e9r\u00e9sre fel nem jogos\u00edtott szem\u00e9lyek sz\u00e1m\u00e1ra \u00e9rtelmezhetetlenn\u00e9 teszik az adatokat);<\/p>\n\n\n\n<p>&nbsp;\u25e6 az adatkezel\u0151 az adatv\u00e9delmi incidenst k\u00f6vet\u0151en olyan tov\u00e1bbi int\u00e9zked\u00e9seket tett, amelyek biztos\u00edtj\u00e1k, hogy az \u00e9rintett jogaira \u00e9s szabads\u00e1gaira jelentett magas kock\u00e1zat a tov\u00e1bbiakban val\u00f3sz\u00edn\u0171s\u00edthet\u0151en nem val\u00f3sul meg;<\/p>\n\n\n\n<p>&nbsp;\u25e6 a t\u00e1j\u00e9koztat\u00e1s ar\u00e1nytalan er\u0151fesz\u00edt\u00e9st tenne sz\u00fcks\u00e9gess\u00e9. (Ilyen esetekben az \u00e9rintetteket nyilv\u00e1nosan k\u00f6zz\u00e9tett inform\u00e1ci\u00f3k \u00fatj\u00e1n kell t\u00e1j\u00e9koztatni, vagy olyan hasonl\u00f3 int\u00e9zked\u00e9st kell hozni, amely biztos\u00edtja az \u00e9rintettek hasonl\u00f3an hat\u00e9kony t\u00e1j\u00e9koztat\u00e1s\u00e1t. Pl. sajt\u00f3k\u00f6zlem\u00e9ny kiad\u00e1sa)<\/p>\n\n\n\n<p>Az illet\u00e9kes hat\u00f3s\u00e1g utas\u00edthatja az adatkezel\u0151t, hogy t\u00e1j\u00e9koztassa az \u00e9rintettet az adatv\u00e9delmi incidensr\u0151l (GDPR 58. cikk (2) e) pont).<\/p>\n\n\n\n<p><strong>9.\/ Az adatkezel\u00e9s \u00e9rintettjeinek jogai<\/strong><\/p>\n\n\n\n<p>A szem\u00e9lyes adatkezel\u00e9ssel \u00e9rintetteket a jogszab\u00e1lyok alapj\u00e1n az al\u00e1bbi jogok illetik meg:<\/p>\n\n\n\n<p>a\/ hozz\u00e1f\u00e9r\u00e9si jog (adatok megismer\u00e9se, az a t\u00e9ny, hogy t\u00f6rt\u00e9nik-e adatkezel\u00e9s);<\/p>\n\n\n\n<p>b\/ kiigaz\u00edt\u00e1s joga (amennyiben egy adat elavult vagy helytelen, ennek kiigaz\u00edt\u00e1sa);<\/p>\n\n\n\n<p>c\/ t\u00f6rl\u00e9s joga (kiz\u00e1r\u00f3lag a hozz\u00e1j\u00e1rul\u00e1son alapul\u00f3 adatkezel\u00e9s eset\u00e9n);<\/p>\n\n\n\n<p>d\/ az adat kezel\u00e9s\u00e9nek korl\u00e1toz\u00e1sa;<\/p>\n\n\n\n<p>e\/ a szem\u00e9lyes adatok direkt marketing c\u00e9lokra val\u00f3 haszn\u00e1lat\u00e1nak megtilt\u00e1sa;<\/p>\n\n\n\n<p>f\/ szem\u00e9lyes adatok harmadik szem\u00e9ly szolg\u00e1ltat\u00f3 sz\u00e1m\u00e1ra t\u00f6rt\u00e9n\u0151 \u00e1tad\u00e1s\u00e1nak enged\u00e9se, vagy ennek megtilt\u00e1sa;<\/p>\n\n\n\n<p>g\/ b\u00e1rmely, az adatkezel\u0151 \u00e1ltal kezelt szem\u00e9lyes adatr\u00f3l m\u00e1solat k\u00e9r\u00e9se;<\/p>\n\n\n\n<p>h\/ tiltakoz\u00e1s a szem\u00e9lyes adat haszn\u00e1lata ellen.<\/p>\n\n\n\n<p><strong>10. Az \u00e9rintettek jogorvoslati f\u00f3rumai<\/strong><\/p>\n\n\n\n<p>10.1. Adatv\u00e9delmi fel\u00fcgyeleti hat\u00f3s\u00e1g: Nemzeti Adatv\u00e9delmi \u00e9s Inform\u00e1ci\u00f3szabads\u00e1g Hat\u00f3s\u00e1g (NAIH) 1125 Budapest, Szil\u00e1gyi Erzs\u00e9bet fasor 22\/C. E-mail c\u00edme: ugyfelszolgalat@naih.hu.<\/p>\n\n\n\n<p>10.2. Az adatv\u00e9delmi perek az \u00e9rintett v\u00e1laszt\u00e1sa szerint az \u00e9rintett lak\u00f3helye vagy tart\u00f3zkod\u00e1si helye szerinti t\u00f6rv\u00e9nysz\u00e9k el\u0151tt is megind\u00edthat\u00f3k.<\/p>\n\n\n\n<p><strong>11. Adatkezel\u00e9sek nyilv\u00e1ntart\u00e1sa<\/strong> (GDPR 30. cikk alapj\u00e1n<\/p>\n\n\n\n<figure class=\"wp-block-table\"><table><tbody><tr><td><strong>Tev\u00e9kenys\u00e9g<\/strong><\/td><td><strong>Kezelt adatok<\/strong><\/td><td><strong>Adatkezel\u00e9si c\u00e9l<\/strong><\/td><td><strong>Adatkezel\u00e9s jogalapja<\/strong><\/td><td><strong>Adattov\u00e1bb\u00edt\u00e1s<\/strong><\/td><td><strong>Adatt\u00e1rol\u00e1s m\u00f3dja \u00e9s id\u0151tartama<\/strong><\/td><\/tr><tr><td><strong>Sz\u00e1mviteli bizonylat ki\u00e1ll\u00edt\u00e1sa<\/strong><strong><\/strong><\/td><td>N\u00e9v, lakc\u00edm, ad\u00f3sz\u00e1m<\/td><td>A szolg\u00e1ltat\u00e1s ny\u00fajt\u00e1s\u00e1hoz kapcsol\u00f3d\u00f3 sz\u00e1mla ki\u00e1ll\u00edt\u00e1s\u00e1hoz a hat\u00e1lyos sz\u00e1mviteli szab\u00e1lyok szerint<\/td><td>GDPR 6. cikk (1). bekezd\u00e9s c\/pont<\/td><td>nincs<\/td><td>8 \u00e9v<\/td><\/tr><tr><td><strong>Sz\u00e1mvitel, k\u00f6nyvel\u00e9s<\/strong><strong><\/strong> <strong>&nbsp;<\/strong><\/td><td>N\u00e9v, lakc\u00edm, ad\u00f3sz\u00e1m<\/td><td>A szolg\u00e1ltat\u00e1s ny\u00fajt\u00e1s\u00e1hoz kapcsol\u00f3d\u00f3 sz\u00e1mla ki\u00e1ll\u00edt\u00e1s\u00e1hoz, m\u00e9rlegk\u00e9sz\u00edt\u00e9shez<\/td><td>GDPR 6. cikk (1). bekezd\u00e9s c\/pont<\/td><td>Nemes Zsuzsanna \u00e1ltal megb\u00edzott k\u00f6nyvel\u00e9st v\u00e9gz\u0151 szem\u00e9ly\/szervezett<\/td><td>8 \u00e9v<\/td><\/tr><tr><td><strong>Kapcsolattart\u00e1si adatok<\/strong><strong><\/strong><\/td><td>N\u00e9v, telefonsz\u00e1m, e-mail c\u00edm<\/td><td>Egyeztet\u00e9sek, lemond\u00e1sok<\/td><td>GDPR 6. cikk (1) bekezd\u00e9s a\/pont<\/td><td>nincs<\/td><td>1 \u00e9v<\/td><\/tr><tr><td><strong>H\u00edrlev\u00e9l k\u00fcld\u00e9s<\/strong><\/td><td>N\u00e9v, e-mail c\u00edm<\/td><td>T\u00e1j\u00e9koztat\u00e1s, \u00faj szolg\u00e1ltat\u00e1s aj\u00e1nl\u00e1sa<\/td><td>GDPR 6. cikk (1) bekezd\u00e9s a\/pont<\/td><td>H\u00edrlev\u00e9l szolg\u00e1ltat\u00f3 Mailchimp www.mailchimp.com<\/td><td>Visszavon\u00e1sig legfeljebb 3 \u00e9vig<\/td><\/tr><tr><td><strong>Regisztr\u00e1ci\u00f3s adatok<\/strong><strong><\/strong><\/td><td>N\u00e9v, anyja neve, sz\u00fclet\u00e9si id\u0151, telefonsz\u00e1m, e-mail c\u00edm<\/td><td>\u00dcgyf\u00e9l adatok kezel\u00e9s<\/td><td>GDPR 6. cikk (1) bekezd\u00e9s a\/pont<\/td><td>T\u00e1rhely laptop bels\u0151 merevlemez<\/td><td>1 \u00e9v<\/td><\/tr><tr><td><strong>Panaszkezel\u00e9s<\/strong><\/td><td>N\u00e9v, telefonsz\u00e1m, e-mail c\u00edm<\/td><td>Panaszelj\u00e1r\u00e1s lefolytat\u00e1sa, \u00fcgyf\u00e9l t\u00e1j\u00e9koztat\u00e1s<\/td><td>GDPR 6. cikk (1). bekezd\u00e9s c\/pont<\/td><td>nincs<\/td><td>1 \u00e9v<\/td><\/tr><\/tbody><\/table><\/figure>\n","protected":false},"excerpt":{"rendered":"<p>2022. janu\u00e1r 1. 1.\/ Az adatkezel\u00e9si t\u00e1j\u00e9koztat\u00f3 c\u00e9lja Az adatkezel\u00e9si t\u00e1j\u00e9koztat\u00f3 c\u00e9lja, hogy a weboldal szolg\u00e1ltat\u00e1sainak felhaszn\u00e1l\u00f3i pontos t\u00e1j\u00e9koztat\u00e1st kapjanak arr\u00f3l, hogy a szem\u00e9lyes adataikat kik \u00e9s milyen m\u00f3don kezelik \u00e9s haszn\u00e1lj\u00e1k fel, illetve, hogy az adatkezel\u00e9ssel kapcsolatban milyen jogok illetik meg \u0151ket. 2.\/ Adatkezel\u00e9si nyilatkozat A v\u00e1llalkoz\u00e1s a szolg\u00e1ltat\u00e1s\u00e1t ig\u00e9nybe vev\u0151 \u00fcgyfeleinek szem\u00e9lyes adatait [&hellip;]<\/p>\n","protected":false},"author":2,"featured_media":0,"parent":0,"menu_order":0,"comment_status":"closed","ping_status":"closed","template":"","meta":{"footnotes":""},"class_list":["post-142","page","type-page","status-publish","hentry"],"_links":{"self":[{"href":"https:\/\/www.nemeszsuzsanna.hu\/blog\/wp-json\/wp\/v2\/pages\/142","targetHints":{"allow":["GET"]}}],"collection":[{"href":"https:\/\/www.nemeszsuzsanna.hu\/blog\/wp-json\/wp\/v2\/pages"}],"about":[{"href":"https:\/\/www.nemeszsuzsanna.hu\/blog\/wp-json\/wp\/v2\/types\/page"}],"author":[{"embeddable":true,"href":"https:\/\/www.nemeszsuzsanna.hu\/blog\/wp-json\/wp\/v2\/users\/2"}],"replies":[{"embeddable":true,"href":"https:\/\/www.nemeszsuzsanna.hu\/blog\/wp-json\/wp\/v2\/comments?post=142"}],"version-history":[{"count":2,"href":"https:\/\/www.nemeszsuzsanna.hu\/blog\/wp-json\/wp\/v2\/pages\/142\/revisions"}],"predecessor-version":[{"id":150,"href":"https:\/\/www.nemeszsuzsanna.hu\/blog\/wp-json\/wp\/v2\/pages\/142\/revisions\/150"}],"wp:attachment":[{"href":"https:\/\/www.nemeszsuzsanna.hu\/blog\/wp-json\/wp\/v2\/media?parent=142"}],"curies":[{"name":"wp","href":"https:\/\/api.w.org\/{rel}","templated":true}]}}